{"id":99,"date":"2019-07-09T16:30:27","date_gmt":"2019-07-09T14:30:27","guid":{"rendered":"http:\/\/www.handball-loebtau.de\/wp_hb\/?page_id=99"},"modified":"2025-02-23T14:26:51","modified_gmt":"2025-02-23T13:26:51","slug":"herzlich-willkommen","status":"publish","type":"page","link":"https:\/\/www.handball-loebtau.de\/","title":{"rendered":"Sch\u00f6n, dass Du da bist"},"content":{"rendered":"\n<p>auf der Website der Abteilung Handball der SpVgg Dresden-L\u00f6btau. Wir haben unser Seite \u00fcberarbeitet und nun auch f\u00fcr mobile Endger\u00e4te optimiert.<\/p>\n\n\n\n<p>Derzeit spielen wir nicht im Ligabetrieb, aus dem wir uns nach der Saison 2023\/2024 zur\u00fcckgezogen haben. <\/p>\n\n\n\n<p>Aktuell suchen wir Handballbegeisterte, welche Lust auf unkompliziertes Zusammen-Handball-Spielen haben.<\/p>\n\n\n\n<p>Im Rahmen unserer Trainingszeit Dienstags 20:30 &#8211; 22:00 Uhr habt ihr die M\u00f6glichkeit, uns kennenzulernen und &#8222;Einfach Handball&#8220; zu spielen.<\/p>\n\n\n\n<figure class=\"wp-block-embed is-type-wp-embed is-provider-handball-dresden-l-btau wp-block-embed-handball-dresden-l-btau\"><div class=\"wp-block-embed__wrapper\">\n<blockquote class=\"wp-embedded-content\" data-secret=\"q5RVOYnknL\"><a href=\"https:\/\/www.handball-loebtau.de\/?page_id=39\">Training<\/a><\/blockquote><iframe loading=\"lazy\" class=\"wp-embedded-content\" sandbox=\"allow-scripts\" security=\"restricted\" style=\"position: absolute; visibility: hidden;\" title=\"&#8222;Training&#8220; &#8212; Handball Dresden-L\u00f6btau\" src=\"https:\/\/www.handball-loebtau.de\/?page_id=39&#038;embed=true#?secret=i5aTqTkpaL#?secret=q5RVOYnknL\" data-secret=\"q5RVOYnknL\" width=\"600\" height=\"338\" frameborder=\"0\" marginwidth=\"0\" marginheight=\"0\" scrolling=\"no\"><\/iframe>\n<\/div><\/figure>\n","protected":false},"excerpt":{"rendered":"<p>auf der Website der Abteilung Handball der SpVgg Dresden-L\u00f6btau. Wir haben unser Seite \u00fcberarbeitet und nun auch f\u00fcr mobile Endger\u00e4te optimiert. Derzeit spielen wir nicht im Ligabetrieb, aus dem wir uns nach der Saison 2023\/2024 zur\u00fcckgezogen haben. Aktuell suchen wir Handballbegeisterte, welche Lust auf unkompliziertes Zusammen-Handball-Spielen haben. Im Rahmen unserer Trainingszeit Dienstags 20:30 &#8211; 22:00 &hellip; <\/p>\n<p><a class=\"more-link btn\" href=\"https:\/\/www.handball-loebtau.de\/\">Weiterlesen<\/a><\/p>\n","protected":false},"author":1,"featured_media":0,"parent":0,"menu_order":0,"comment_status":"closed","ping_status":"closed","template":"","meta":{"footnotes":""},"class_list":["post-99","page","type-page","status-publish","hentry","nodate","item-wrap"],"_links":{"self":[{"href":"https:\/\/www.handball-loebtau.de\/index.php?rest_route=\/wp\/v2\/pages\/99","targetHints":{"allow":["GET"]}}],"collection":[{"href":"https:\/\/www.handball-loebtau.de\/index.php?rest_route=\/wp\/v2\/pages"}],"about":[{"href":"https:\/\/www.handball-loebtau.de\/index.php?rest_route=\/wp\/v2\/types\/page"}],"author":[{"embeddable":true,"href":"https:\/\/www.handball-loebtau.de\/index.php?rest_route=\/wp\/v2\/users\/1"}],"replies":[{"embeddable":true,"href":"https:\/\/www.handball-loebtau.de\/index.php?rest_route=%2Fwp%2Fv2%2Fcomments&post=99"}],"version-history":[{"count":22,"href":"https:\/\/www.handball-loebtau.de\/index.php?rest_route=\/wp\/v2\/pages\/99\/revisions"}],"predecessor-version":[{"id":415,"href":"https:\/\/www.handball-loebtau.de\/index.php?rest_route=\/wp\/v2\/pages\/99\/revisions\/415"}],"wp:attachment":[{"href":"https:\/\/www.handball-loebtau.de\/index.php?rest_route=%2Fwp%2Fv2%2Fmedia&parent=99"}],"curies":[{"name":"wp","href":"https:\/\/api.w.org\/{rel}","templated":true}]}}