{"id":124,"date":"2019-07-09T17:51:49","date_gmt":"2019-07-09T15:51:49","guid":{"rendered":"http:\/\/www.handball-loebtau.de\/wp_hb\/?page_id=124"},"modified":"2019-09-01T15:28:02","modified_gmt":"2019-09-01T13:28:02","slug":"datenschutz","status":"publish","type":"page","link":"https:\/\/www.handball-loebtau.de\/?page_id=124","title":{"rendered":"Datenschutz"},"content":{"rendered":"\n<table class=\"wp-block-table\"><tbody><tr><td>Verantwortliche Stelle im Sinne der  Datenschutzgesetze ist die<br><strong>Spielvereinigung  Dresden-L\u00f6btau 1893 e.V. <\/strong>  <br><br>Erfassung allgemeiner  Informationen<br><br>Wenn Sie auf unsere Webseite  zugreifen, werden automatisch  Informationen allgemeiner Natur  erfasst. Diese Informationen (Server-Logfiles)  beinhalten etwa die Art des  Webbrowsers, das verwendete  Betriebssystem, den Domainnamen  Ihres Internet Service Providers und  \u00c4hnliches. Hierbei handelt es sich  ausschlie\u00dflich um Informationen,  welche keine R\u00fcckschl\u00fcsse auf Ihre  Person zulassen. Diese Informationen  sind technisch notwendig, um von  Ihnen angeforderte Inhalte von  Webseiten korrekt auszuliefern und  fallen bei Nutzung des Internets  zwingend an. Anonyme Informationen  dieser Art werden von uns  statistisch ausgewertet, um unseren  Internetauftritt und die  dahinterstehende Technik zu  optimieren.<br><br>Cookies<br><br>Wie viele andere Webseiten  verwenden wir auch so genannte \u201eCookies\u201c.   Cookies sind kleine Textdateien, die  von einem Webseitenserver auf Ihre  Festplatte \u00fcbertragen werden.  Hierdurch erhalten wir automatisch  bestimmte Daten wie z. B. IP-Adresse,  verwendeter Browser, Betriebssystem  \u00fcber Ihren Computer und Ihre  Verbindung zum Internet.Cookies k\u00f6nnen nicht verwendet  werden, um Programme zu starten oder  Viren auf einen Computer zu  \u00fcbertragen. Anhand der in Cookies  enthaltenen Informationen k\u00f6nnen wir  Ihnen die Navigation erleichtern und  die korrekte Anzeige unserer  Webseiten erm\u00f6glichen.In keinem Fall werden die von uns  erfassten Daten an Dritte  weitergegeben oder ohne Ihre  Einwilligung eine Verkn\u00fcpfung mit  personenbezogenen Daten hergestellt.Nat\u00fcrlich k\u00f6nnen Sie unsere  Website grunds\u00e4tzlich auch ohne  Cookies betrachten. Internet-Browser  sind regelm\u00e4\u00dfig so eingestellt, dass  sie Cookies akzeptieren. Sie k\u00f6nnen  die Verwendung von Cookies jederzeit  \u00fcber die Einstellungen Ihres  Browsers deaktivieren. Bitte  verwenden Sie die Hilfefunktionen  Ihres Internetbrowsers, um zu  erfahren, wie Sie diese  Einstellungen \u00e4ndern k\u00f6nnen. Bitte  beachten Sie, dass einzelne  Funktionen unserer Website  m\u00f6glicherweise nicht funktionieren,  wenn Sie die Verwendung von Cookies  deaktiviert haben.<br><br>L\u00f6schung bzw. Sperrung der Daten<br><br>Wir halten uns an die Grunds\u00e4tze  der Datenvermeidung und  Datensparsamkeit. Wir speichern Ihre  personenbezogenen Daten daher nur so  lange, wie dies zur Erreichung der  hier genannten Zwecke erforderlich  ist oder wie es die vom Gesetzgeber  vorgesehenen vielf\u00e4ltigen  Speicherfristen vorsehen. Nach  Fortfall des jeweiligen Zweckes bzw.  Ablauf dieser Fristen werden die  entsprechenden Daten routinem\u00e4\u00dfig  und entsprechend den gesetzlichen  Vorschriften gesperrt oder gel\u00f6scht.<br><br>Ihre Rechte auf Auskunft,  Berichtigung, Sperre, L\u00f6schung und  Widerspruch<br><br>Sie haben das Recht, jederzeit  Auskunft \u00fcber Ihre bei uns  gespeicherten personenbezogenen  Daten zu erhalten. Ebenso haben Sie  das Recht auf Berichtigung, Sperrung  oder, abgesehen von der  vorgeschriebenen Datenspeicherung  zur Gesch\u00e4ftsabwicklung, L\u00f6schung  Ihrer personenbezogenen Daten. Bitte  wenden Sie sich dazu an unseren  Datenschutzbeauftragten. Die  Kontaktdaten finden Sie ganz unten.  Damit eine Sperre von Daten  jederzeit ber\u00fccksichtigt werden  kann, m\u00fcssen diese Daten zu  Kontrollzwecken in einer Sperrdatei  vorgehalten werden. Sie k\u00f6nnen auch  die L\u00f6schung der Daten verlangen,  soweit keine gesetzliche  Archivierungsverpflichtung besteht.  Soweit eine solche Verpflichtung  besteht, sperren wir Ihre Daten auf  Wunsch.Sie k\u00f6nnen \u00c4nderungen oder den  Widerruf einer Einwilligung durch  entsprechende Mitteilung an uns mit  Wirkung f\u00fcr die Zukunft vornehmen.<br><br>\u00c4nderung unserer  Datenschutzbestimmungen<br><br>Wir behalten uns vor, diese  Datenschutzerkl\u00e4rung gelegentlich  anzupassen, damit sie stets den  aktuellen rechtlichen Anforderungen  entspricht oder um \u00c4nderungen  unserer Leistungen in der  Datenschutzerkl\u00e4rung umzusetzen, z.  B. bei der Einf\u00fchrung neuer  Services. F\u00fcr Ihren erneuten Besuch  gilt dann die neue  Datenschutzerkl\u00e4rung.<br><br>Fragen an den  Datenschutzbeauftragten<br><br>Wenn Sie Fragen zum Datenschutz  haben, schreiben Sie uns bitte eine  E-Mail oder wenden Sie sich direkt  an unseren Datenschutzbeauftragten.<\/td><\/tr><\/tbody><\/table>\n","protected":false},"excerpt":{"rendered":"<p>Verantwortliche Stelle im Sinne der Datenschutzgesetze ist dieSpielvereinigung Dresden-L\u00f6btau 1893 e.V. Erfassung allgemeiner Informationen Wenn Sie auf unsere Webseite zugreifen, werden automatisch Informationen allgemeiner Natur erfasst. Diese Informationen (Server-Logfiles) beinhalten etwa die Art des Webbrowsers, das verwendete Betriebssystem, den Domainnamen Ihres Internet Service Providers und \u00c4hnliches. Hierbei handelt es sich ausschlie\u00dflich um Informationen, welche keine &hellip; <\/p>\n<p><a class=\"more-link btn\" href=\"https:\/\/www.handball-loebtau.de\/?page_id=124\">Weiterlesen<\/a><\/p>\n","protected":false},"author":1,"featured_media":0,"parent":0,"menu_order":0,"comment_status":"closed","ping_status":"closed","template":"","meta":{"footnotes":""},"class_list":["post-124","page","type-page","status-publish","hentry","nodate","item-wrap"],"_links":{"self":[{"href":"https:\/\/www.handball-loebtau.de\/index.php?rest_route=\/wp\/v2\/pages\/124","targetHints":{"allow":["GET"]}}],"collection":[{"href":"https:\/\/www.handball-loebtau.de\/index.php?rest_route=\/wp\/v2\/pages"}],"about":[{"href":"https:\/\/www.handball-loebtau.de\/index.php?rest_route=\/wp\/v2\/types\/page"}],"author":[{"embeddable":true,"href":"https:\/\/www.handball-loebtau.de\/index.php?rest_route=\/wp\/v2\/users\/1"}],"replies":[{"embeddable":true,"href":"https:\/\/www.handball-loebtau.de\/index.php?rest_route=%2Fwp%2Fv2%2Fcomments&post=124"}],"version-history":[{"count":4,"href":"https:\/\/www.handball-loebtau.de\/index.php?rest_route=\/wp\/v2\/pages\/124\/revisions"}],"predecessor-version":[{"id":176,"href":"https:\/\/www.handball-loebtau.de\/index.php?rest_route=\/wp\/v2\/pages\/124\/revisions\/176"}],"wp:attachment":[{"href":"https:\/\/www.handball-loebtau.de\/index.php?rest_route=%2Fwp%2Fv2%2Fmedia&parent=124"}],"curies":[{"name":"wp","href":"https:\/\/api.w.org\/{rel}","templated":true}]}}